{"id":2233,"date":"2024-12-15T12:54:54","date_gmt":"2024-12-15T12:54:54","guid":{"rendered":"https:\/\/champskickboxing.de\/?page_id=2233"},"modified":"2025-05-02T22:12:21","modified_gmt":"2025-05-02T22:12:21","slug":"impressum","status":"publish","type":"page","link":"https:\/\/champskickboxing.de\/en\/impressum\/","title":{"rendered":"Imprint"},"content":{"rendered":"<div data-elementor-type=\"wp-page\" data-elementor-id=\"2233\" class=\"elementor elementor-2233\">\n\t\t\t\t<div class=\"elementor-element elementor-element-27d2d38 e-flex e-con-boxed wpr-particle-no wpr-jarallax-no wpr-parallax-no wpr-sticky-section-no e-con e-parent\" data-id=\"27d2d38\" data-element_type=\"container\" data-e-type=\"container\">\n\t\t\t\t\t<div class=\"e-con-inner\">\n\t\t<div class=\"elementor-element elementor-element-0aaf44d e-con-full e-flex wpr-particle-no wpr-jarallax-no wpr-parallax-no wpr-sticky-section-no e-con e-child\" data-id=\"0aaf44d\" data-element_type=\"container\" data-e-type=\"container\" data-settings=\"{&quot;background_background&quot;:&quot;classic&quot;}\">\n\t\t\t\t<div class=\"elementor-element elementor-element-f0e659e elementor-widget elementor-widget-spacer\" data-id=\"f0e659e\" data-element_type=\"widget\" data-e-type=\"widget\" data-widget_type=\"spacer.default\">\n\t\t\t\t<div class=\"elementor-widget-container\">\n\t\t\t\t\t\t\t<div class=\"elementor-spacer\">\n\t\t\t<div class=\"elementor-spacer-inner\"><\/div>\n\t\t<\/div>\n\t\t\t\t\t\t<\/div>\n\t\t\t\t<\/div>\n\t\t\t\t<div class=\"elementor-element elementor-element-8e9848e elementor-widget elementor-widget-text-editor\" data-id=\"8e9848e\" data-element_type=\"widget\" data-e-type=\"widget\" data-widget_type=\"text-editor.default\">\n\t\t\t\t<div class=\"elementor-widget-container\">\n\t\t\t\t\t\t\t\t\t<p class=\"p1\"><b>IMPRESSUM:<\/b><\/p><p class=\"p2\"><b>Champ\u2019s Lifestyle, Events &amp; Management GmbH &amp; Co. KG<\/b><\/p><p class=\"p2\">Gesellschaftssitz: Engeldamm 50, 10179 Berlin | Studioadresse: Br\u00fcckenstr. 5-6, 10179 Berlin<\/p><p class=\"p2\">Gesellschafter: PH Global Group Beteiligungsgesellschaft mbH<\/p><p class=\"p2\">Amtsgericht Charlottenburg HRA 63500 B<\/p><p class=\"p2\">USt-IdNr.: 450910458<\/p><p class=\"p4\"><b>Haftungsausschluss<\/b><\/p><p class=\"p5\"><b>Inhalte dieser Website<\/b><\/p><p class=\"p6\">Die Inhalte dieser Website werden mit gr\u00f6\u00dftm\u00f6glicher Sorgfalt erstellt. Der Anbieter \u00fcbernimmt jedoch keine Gew\u00e4hr f\u00fcr die Richtigkeit, Vollst\u00e4ndigkeit und Aktualit\u00e4t der bereitgestellten Inhalte. Die Nutzung der Inhalte der Website erfolgt auf eigene Gefahr des Nutzers. Namentlich gekennzeichnete Beitr\u00e4ge geben die Meinung des jeweiligen Autors und nicht immer die Meinung des Anbieters wieder.<\/p><p class=\"p5\"><b>Externe Links<\/b><\/p><p class=\"p6\">Diese Website enth\u00e4lt Verkn\u00fcpfungen zu Websites Dritter (\u201eexterne Links\u201c). Diese Websites unterliegen der Haftung der jeweiligen Betreiber. Zum Zeitpunkt der erstmaligen Verkn\u00fcpfung der externen Links waren keine Rechtsverst\u00f6\u00dfe ersichtlich. Der Anbieter hat keinerlei Einfluss auf die aktuelle und zuk\u00fcnftige Gestaltung sowie auf die Inhalte der verkn\u00fcpften Seiten. Eine st\u00e4ndige Kontrolle dieser externen Links ist f\u00fcr den Anbieter ohne konkrete Hinweise auf Rechtsverst\u00f6\u00dfe nicht zumutbar. Bei Kenntnis von Rechtsverst\u00f6\u00dfen werden jedoch derartige externe Links unverz\u00fcglich gel\u00f6scht.<\/p><p class=\"p5\"><b>Verf\u00fcgbarkeit der Website<\/b><\/p><p class=\"p6\">Der Anbieter bem\u00fcht sich, den Dienst m\u00f6glichst unterbrechungsfrei zum Abruf anzubieten. Auch bei aller Sorgfalt k\u00f6nnen Ausfallzeiten jedoch nicht ausgeschlossen werden. Der Anbieter beh\u00e4lt sich das Recht vor, sein Angebot jederzeit zu \u00e4ndern oder einzustellen.<\/p><p class=\"p5\"><b>Urheberrecht<\/b><\/p><p class=\"p6\">Die auf dieser Website ver\u00f6ffentlichten Inhalte, Werke und Marken (z.\u202fB. Logos) unterliegen dem deutschen Urheberrecht und Leistungsschutzrecht. Jede vom deutschen Urheberrecht nicht zugelassene Verwertung bedarf der vorherigen schriftlichen Zustimmung des jeweiligen Rechteinhabers. Dies gilt insbesondere f\u00fcr Vervielf\u00e4ltigung, Bearbeitung, \u00dcbersetzung, Speicherung, Verarbeitung bzw. Wiedergabe von Inhalten in Datenbanken oder anderen elektronischen Medien und Systemen. Die unerlaubte Vervielf\u00e4ltigung oder Weitergabe einzelner Inhalte oder kompletter Seiten ist nicht gestattet und strafbar. Lediglich die Herstellung von Kopien und Downloads f\u00fcr den pers\u00f6nlichen, privaten und nicht kommerziellen Gebrauch ist erlaubt.<\/p><p class=\"p6\">Links zur Website des Anbieters sind jederzeit willkommen und bed\u00fcrfen keiner Zustimmung. Die Darstellung dieser Website in fremden Frames ist nur mit schriftlicher Erlaubnis zul\u00e4ssig.<\/p><p class=\"p5\"><b>Anwendbares Recht<\/b><\/p><p class=\"p6\">Es gilt ausschlie\u00dflich das Recht der Bundesrepublik Deutschland.<\/p>\t\t\t\t\t\t\t\t<\/div>\n\t\t\t\t<\/div>\n\t\t\t\t<\/div>\n\t\t\t\t\t<\/div>\n\t\t\t\t<\/div>\n\t\t\t\t<\/div>","protected":false},"excerpt":{"rendered":"<p>IMPRESSUM: Champ\u2019s Lifestyle, Events &amp; Management GmbH &amp; Co. KG Gesellschaftssitz: Engeldamm 50, 10179 Berlin | Studioadresse: Br\u00fcckenstr. 5-6, 10179 Berlin Gesellschafter: PH Global Group Beteiligungsgesellschaft mbH Amtsgericht Charlottenburg HRA 63500 B USt-IdNr.: 450910458 Haftungsausschluss Inhalte dieser Website Die Inhalte dieser Website werden mit gr\u00f6\u00dftm\u00f6glicher Sorgfalt erstellt. Der Anbieter \u00fcbernimmt jedoch keine Gew\u00e4hr f\u00fcr die Richtigkeit, Vollst\u00e4ndigkeit und Aktualit\u00e4t der bereitgestellten Inhalte. Die Nutzung der Inhalte der Website erfolgt auf eigene Gefahr des Nutzers. Namentlich gekennzeichnete Beitr\u00e4ge geben die Meinung des jeweiligen Autors und nicht immer die Meinung des Anbieters wieder. Externe Links Diese Website enth\u00e4lt Verkn\u00fcpfungen zu Websites Dritter (\u201eexterne Links\u201c). Diese Websites unterliegen der Haftung der jeweiligen Betreiber. Zum Zeitpunkt der erstmaligen Verkn\u00fcpfung der externen Links waren keine Rechtsverst\u00f6\u00dfe ersichtlich. Der Anbieter hat keinerlei Einfluss auf die aktuelle und zuk\u00fcnftige Gestaltung sowie auf die Inhalte der verkn\u00fcpften Seiten. Eine st\u00e4ndige Kontrolle dieser externen Links ist f\u00fcr den Anbieter ohne konkrete Hinweise auf Rechtsverst\u00f6\u00dfe nicht zumutbar. Bei Kenntnis von Rechtsverst\u00f6\u00dfen werden jedoch derartige externe Links unverz\u00fcglich gel\u00f6scht. Verf\u00fcgbarkeit der Website Der Anbieter bem\u00fcht sich, den Dienst m\u00f6glichst unterbrechungsfrei zum Abruf anzubieten. Auch bei aller Sorgfalt k\u00f6nnen Ausfallzeiten jedoch nicht ausgeschlossen werden. Der Anbieter beh\u00e4lt sich das Recht vor, sein Angebot jederzeit zu \u00e4ndern oder einzustellen. Urheberrecht Die auf dieser Website ver\u00f6ffentlichten Inhalte, Werke und Marken (z.\u202fB. Logos) unterliegen dem deutschen Urheberrecht und Leistungsschutzrecht. Jede vom deutschen Urheberrecht nicht zugelassene Verwertung bedarf der vorherigen schriftlichen Zustimmung des jeweiligen Rechteinhabers. Dies gilt insbesondere f\u00fcr Vervielf\u00e4ltigung, Bearbeitung, \u00dcbersetzung, Speicherung, Verarbeitung bzw. Wiedergabe von Inhalten in Datenbanken oder anderen elektronischen Medien und Systemen. Die unerlaubte Vervielf\u00e4ltigung oder Weitergabe einzelner Inhalte oder kompletter Seiten ist nicht gestattet und strafbar. Lediglich die Herstellung von Kopien und Downloads f\u00fcr den pers\u00f6nlichen, privaten und nicht kommerziellen Gebrauch ist erlaubt. Links zur Website des Anbieters sind jederzeit willkommen und bed\u00fcrfen keiner Zustimmung. Die Darstellung dieser Website in fremden Frames ist nur mit schriftlicher Erlaubnis zul\u00e4ssig. Anwendbares Recht Es gilt ausschlie\u00dflich das Recht der Bundesrepublik Deutschland.<\/p>","protected":false},"author":1,"featured_media":0,"parent":0,"menu_order":0,"comment_status":"closed","ping_status":"closed","template":"elementor_canvas","meta":{"om_disable_all_campaigns":false,"_monsterinsights_skip_tracking":false,"_monsterinsights_sitenote_active":false,"_monsterinsights_sitenote_note":"","_monsterinsights_sitenote_category":0,"footnotes":""},"class_list":["post-2233","page","type-page","status-publish","hentry"],"aioseo_notices":[],"_links":{"self":[{"href":"https:\/\/champskickboxing.de\/en\/wp-json\/wp\/v2\/pages\/2233","targetHints":{"allow":["GET"]}}],"collection":[{"href":"https:\/\/champskickboxing.de\/en\/wp-json\/wp\/v2\/pages"}],"about":[{"href":"https:\/\/champskickboxing.de\/en\/wp-json\/wp\/v2\/types\/page"}],"author":[{"embeddable":true,"href":"https:\/\/champskickboxing.de\/en\/wp-json\/wp\/v2\/users\/1"}],"replies":[{"embeddable":true,"href":"https:\/\/champskickboxing.de\/en\/wp-json\/wp\/v2\/comments?post=2233"}],"version-history":[{"count":12,"href":"https:\/\/champskickboxing.de\/en\/wp-json\/wp\/v2\/pages\/2233\/revisions"}],"predecessor-version":[{"id":2980,"href":"https:\/\/champskickboxing.de\/en\/wp-json\/wp\/v2\/pages\/2233\/revisions\/2980"}],"wp:attachment":[{"href":"https:\/\/champskickboxing.de\/en\/wp-json\/wp\/v2\/media?parent=2233"}],"curies":[{"name":"wp","href":"https:\/\/api.w.org\/{rel}","templated":true}]}}